{"id":2651,"date":"2020-02-25T10:42:39","date_gmt":"2020-02-25T10:42:39","guid":{"rendered":"https:\/\/cirugiaplasticaandorra.com\/avis-legal\/"},"modified":"2023-11-28T18:04:13","modified_gmt":"2023-11-28T18:04:13","slug":"avis-legal","status":"publish","type":"page","link":"https:\/\/cirugiaplasticaandorra.com\/ca\/avis-legal\/","title":{"rendered":"Av\u00eds legal"},"content":{"rendered":"<div class=\"fusion-fullwidth fullwidth-box fusion-builder-row-1 fusion-flex-container nonhundred-percent-fullwidth non-hundred-percent-height-scrolling\" style=\"--awb-border-radius-top-left:0px;--awb-border-radius-top-right:0px;--awb-border-radius-bottom-right:0px;--awb-border-radius-bottom-left:0px;--awb-flex-wrap:wrap;\" ><div class=\"fusion-builder-row fusion-row fusion-flex-align-items-flex-start fusion-flex-content-wrap\" style=\"max-width:1331.2px;margin-left: calc(-4% \/ 2 );margin-right: calc(-4% \/ 2 );\"><div class=\"fusion-layout-column fusion_builder_column fusion-builder-column-0 fusion_builder_column_1_1 1_1 fusion-flex-column\" style=\"--awb-bg-size:cover;--awb-width-large:100%;--awb-margin-top-large:0px;--awb-spacing-right-large:1.92%;--awb-margin-bottom-large:0px;--awb-spacing-left-large:1.92%;--awb-width-medium:100%;--awb-spacing-right-medium:1.92%;--awb-spacing-left-medium:1.92%;--awb-width-small:100%;--awb-spacing-right-small:1.92%;--awb-spacing-left-small:1.92%;\"><div class=\"fusion-column-wrapper fusion-flex-justify-content-flex-start fusion-content-layout-column\"><div class=\"fusion-text fusion-text-1\"><p>Aquest av\u00eds legal compilaci\u00f3 les condicions generals que regulen l&#8217;acc\u00e9s i l&#8217;\u00fas de la plana web https:\/\/cirugiaplasticaandorra.com\/, d&#8217;ara endavant &#8220;la WEB&#8221;, del qual \u00e9s titular i propiet\u00e0ria CL\u00cdNICA *MOSCATIELLO, SL , responsable del lloc web, d&#8217;ara endavant RESPONSABLE. L&#8217;acc\u00e9s en la WEB \u00e9s gratu\u00eft i la seva visualitzaci\u00f3 no requereix cap registre ni subscripci\u00f3 pr\u00e8via.<\/p>\n<p>El RESPONSABLE, posa a la disposici\u00f3 dels usuaris el present document, amb el qual pret\u00e9n donar compliment a les obligacions disposades en la Llei, aix\u00ed com informar a tots els usuaris del lloc web respecte a quins s\u00f3n les condicions d&#8217;\u00fas.<\/p>\n<p>Tota persona que accedeixi a aquest lloc web assumeix el paper d&#8217;usuari, comprometent-se a l&#8217;observan\u00e7a i compliment rigor\u00f3s de les disposicions aqu\u00ed disposades, aix\u00ed com a qualsevol altra disposici\u00f3 legal que fos aplicable.<\/p>\n<p>El RESPONSABLE es reserva el dret de modificar qualsevol tipus d&#8217;informaci\u00f3 que pogu\u00e9s apar\u00e8ixer en el lloc web, sense que existeixi obligaci\u00f3 de preavisar o posar en coneixement dels usuaris aquestes obligacions, entenent-se com a suficient la publicaci\u00f3 en el lloc web.<\/p>\n<p><strong>1. DADES IDENTIFICATIVES<\/strong><\/p>\n<p>Nom de domini: cirugiaplasticaandorra.com<br \/>\nNom comercial: Institut de cirurg\u00eda pl\u00e0stica Dr Fabrizio Moscatiello<br \/>\nDenominaci\u00f3 social: CL\u00cdNICA MOSCATIELLO, SL<br \/>\nN\u00famero de registre tributari: L-714029-J<br \/>\nDomicili social: Prat de la Creu 59-65, 1r planta, escala D, AD500, Andorra la Vella, Andorra.<br \/>\nTel\u00e8fon: +376 641 903<br \/>\ne-mail: info@cirugiaplasticaandorra.com<\/p>\n<p><strong>2. LIMITACI\u00d3 DE RESPONSABILITAT<br \/>\n<\/strong><\/p>\n<p>El RESPONSABLE no es responsabilitza dels danys i perjudicis produ\u00efts o que es puguin produir, de cap naturalesa, que es derivin de l&#8217;\u00fas de la informaci\u00f3, del contingut de la WEB i dels programes que incorpora, i que poguessin ocasionar, a t\u00edtol enunciatiu i no limitatiu: errors o omissions en els continguts, falta de disponibilitat de la WEB o la transmissi\u00f3 de virus o programes maliciosos o lesius en els continguts, malgrat haver adoptat totes les mesures tecnol\u00f2giques necess\u00e0ries per a evitar-ho.<\/p>\n<p>La informaci\u00f3 continguda en la WEB \u00e9s la vigent en la data de l&#8217;\u00faltima actualitzaci\u00f3, i el RESPONSABLE no garanteix l&#8217;abs\u00e8ncia d&#8217;errors en l&#8217;acc\u00e9s a la WEB ni en el contingut, per\u00f2, adoptar\u00e0 les mesures pertinents per a evitar-los, corregir-los i\/o actualitzar-los tan aviat com es detectin.<\/p>\n<p>El RESPONSABLE es reserva el dret de modificar i actualitzar la informaci\u00f3 de la WEB, la seva presentaci\u00f3 i configuraci\u00f3 i les condicions d&#8217;acc\u00e9s sense necessitat de previ av\u00eds i en qualsevol moment. Aix\u00ed mateix, el RESPONSABLE es reserva el dret de modificar i\/o ometre totalment o parcial els continguts de la WEB i restringir l&#8217;acc\u00e9s. En cas que s&#8217;hagin de realitzar operacions de manteniment, reparaci\u00f3, actualitzaci\u00f3 o millora dels serveis, el RESPONSABLE es reserva el dret de suspendre temporalment i sense necessitat de previ av\u00eds l&#8217;acc\u00e9s a la WEB, aix\u00ed com el dret de prestaci\u00f3 o cancel\u00b7laci\u00f3 dels serveis, sense perjudici de procurar posar-ho en coneixement dels usuaris, sempre que les circumst\u00e0ncies ho permetin. L&#8217;\u00fas d&#8217;aquesta WEB i la informaci\u00f3 que es facilita \u00e9s responsabilitat de l&#8217;usuari. Cap tercer podr\u00e0 establir una relaci\u00f3 de framing entre les seves p\u00e0gines web i la WEB. Aix\u00ed mateix, el RESPONSABLE no es responsabilitza del contingut de tercers al qual es pugui accedir mitjan\u00e7ant els enlla\u00e7os continguts a la WEB.<\/p>\n<p><strong>3. SERVEIS I PRODUCTES DE LA WEB<br \/>\n<\/strong><\/p>\n<p>La WEB pot contenir enlla\u00e7os a p\u00e0gines web alienes a la mateixa els quals es posen a la disposici\u00f3 de l&#8217;usuari amb l&#8217;\u00fanica finalitat de facilitar-li l&#8217;acc\u00e9s als continguts o serveis que poguessin ser del seu inter\u00e8s i que el RESPONSABLE no gestiona ni controla en cap moment.<\/p>\n<p>La inclusi\u00f3 dels enlla\u00e7os a portals de tercers no implica en cap cas una vinculaci\u00f3 entre la RESPONSABLE i els titulars dels portals enlla\u00e7ats. El RESPONSABLE no assumeix cap mena de responsabilitat directa o indirecta en relaci\u00f3 amb la licitud, veracitat, utilitat, qualitat o fiabilitat dels serveis i continguts propietat de tercers, o que aquests gestionin o controlin, encara que es pugui accedir a trav\u00e9s de la WEB.<\/p>\n<p>Amb car\u00e0cter general legals, s&#8217;ent\u00e9n que qualsevol relaci\u00f3 contractual o extracontractual que l&#8217;usuari dugui a terme amb tercers contactats mitjan\u00e7ant la WEB es realitza exclusivament entre l&#8217;usuari i els tercers.<\/p>\n<p>L&#8217;usuari accepta que el RESPONSABLE no tingui cap responsabilitat sobre els danys o perjudicis de qualsevol naturalesa ocasionats amb motiu de les negociacions, converses o relacions contractuals o extracontractuals entre l&#8217;usuari i tercers contactats per mitj\u00e0 de la WEB.<\/p>\n<p>L&#8217;usuari haur\u00e0 de prendre coneixement de les indicacions, dels avisos o dels advertiments legals que els portals de tercers puguin establir pel seu \u00fas.<\/p>\n<p><strong>4. RESPONSABILITAT DE L&#8217;USUARI<br \/>\n<\/strong><\/p>\n<p>L&#8217;usuari \u00e9s responsable del compliment de les lleis i reglaments en vigor i de les regles aplicables a l&#8217;\u00fas que es realitzi de la informaci\u00f3 i les aplicacions. Aix\u00ed i tot, es prohibeix l&#8217;\u00fas de la WEB contrari a la bona fe, en particular i de manera no exhaustiva: la utilitzaci\u00f3 contr\u00e0ria a la normativa andorrana o que infringeixi els drets de tercers; la publicaci\u00f3 o transmissi\u00f3 de qualsevol contingut que resulti violent, obsc\u00e8, abusiu, il\u00b7legal, racial, xen\u00f2fob o difamatori; alterar o intervenir per mitjans fraudulents p\u00e0gines web personals o correus electr\u00f2nics o sistemes altres usuaris o tercers sense la seva autoritzaci\u00f3; els cracks, n\u00fameros de s\u00e8rie de programes o qualsevol altre contingut que vulneri els drets de la propietat intel\u00b7lectual de tercers; la recollida i\/o la utilitzaci\u00f3 de dades personals altres usuaris sense el seu consentiment expr\u00e9s o que contravingui les disposicions de la Llei Qualificada 29\/2021 de protecci\u00f3 de dades personals; la utilitzaci\u00f3 del servidor de correu, el domini i les adreces de correu electr\u00f2nic amb finalitats de correu no desitjat, bombardeig de correu, suplantaci\u00f3 d&#8217;identitat, frau sota cust\u00f2dia de tercers, Scam 419, pharming , difusi\u00f3 de virus (troians, etc.) o qualsevol altre tipus d&#8217;activitat realitzada amb \u00e0nim fraudulent o delictiu.<\/p>\n<p>Queda expressament prohibit accedir, modificar, visualitzar la configuraci\u00f3, l&#8217;estructura i els arxius dels servidors de la WEB. Davant qualsevol problema que es pogu\u00e9s produir en els servidors i sistemes de seguretat de la WEB com a conseq\u00fc\u00e8ncia directa d&#8217;una actuaci\u00f3 negligent de l&#8217;usuari, aquest respondr\u00e0 per la responsabilitat civil i penal que correspongui. L&#8217;usuari respectar\u00e0 els est\u00e0ndards t\u00e8cnics disposats per la WEB en l&#8217;administraci\u00f3 i desenvolupament dels productes utilitzats de manera que no es produeixi un \u00fas abusiu que retardi els servidors i perjudiqui la prestaci\u00f3 dels productes o drets altres usuaris.<\/p>\n<p><strong>5. PROTECCI\u00d3 DADES PERSONALS I COOKIES<\/strong><\/p>\n<p>En compliment del qual requereix la Llei 29\/2021, del 28 d&#8217;octubre, qualificada de Protecci\u00f3 de Dades Personals (en endavant, &#8220;LQDP&#8221;), i amb els reglaments que la desenvolupen, s&#8217;informa els usuaris d&#8217;aquest lloc web que qualsevol dada personal facilitat a la RESPONSABLE ser\u00e0 tractat pel mateix amb les finalitats i condicions definides als seus Registres d&#8217;Activitats de Tractament (els trobareu a la nostra pol\u00edtica de privacitat).<\/p>\n<p>El responsable dels fitxers \u00e9s el RESPONSABLE en qualitat de responsable del tractament, amb domicili social a Prat de la Creu 59-65, 1r planta, escala D, AD500, Andorra la Vella, Andorra i el seu Delegat de protecci\u00f3 de Dades \u00e9s CL\u00cdNICA MOSCATIELLO, SL.<\/p>\n<p>Les dades aqu\u00ed recollits es tractaran per les finalitats de gesti\u00f3 de plana web, gesti\u00f3 d&#8217;usuaris registrats, gesti\u00f3 de notificacions i gesti\u00f3 de consultes i comunicacions.<\/p>\n<p>En compliment de la LQPD, i els seus reglaments de desenvolupament, el RESPONSABLE l&#8217;informa que disposeu dels drets d&#8217;acc\u00e9s, rectificaci\u00f3, supressi\u00f3, oposici\u00f3, portabilitat i limitaci\u00f3 de tractament reconeguts en l&#8217;esmentada normativa.<\/p>\n<p>L&#8217;informem que aquesta plana web recull cookies. Trobareu una explicaci\u00f3 exhaustiva d&#8217;aquestes en el seg\u00fcent enlla\u00e7.<\/p>\n<p><strong>6. PROPIETAT INTEL\u00b7LECTUAL SOBRE ELS CONTINGUTS<br \/>\n<\/strong><\/p>\n<p>Tots els elements que apareixen en la WEB, sense limitaci\u00f3 (fotografies, m\u00fasica, sons, animacions, programari, textos, nom de domini, marques, informaci\u00f3 i contingut recopilat de tota la web, etc ), aix\u00ed com l&#8217;estructura, el disseny gr\u00e0fic i el codi font s\u00f3n propietat de la RESPONSABLE , o si s&#8217;escau, de tercers que li han cedit els corresponents drets d&#8217;\u00fas, i que l&#8217;usuari d&#8217;aquest lloc web ha de respectar, i que per tant estan protegits per la normativa de propietat intel\u00b7lectual. No es podran realitzar actes totals o parcials de reproducci\u00f3, publicaci\u00f3, tractament inform\u00e0tic, distribuci\u00f3, difusi\u00f3, transformaci\u00f3, compilaci\u00f3, modificaci\u00f3, distribuci\u00f3 o comunicaci\u00f3 p\u00fablica de la WEB sense el consentiment previ i per escrit del RESPONSABLE. L&#8217;acc\u00e9s per part de l&#8217;usuari als continguts i els serveis de la WEB no implica cap dret quant a la seva transmissi\u00f3, cessi\u00f3, utilitzaci\u00f3, alteraci\u00f3, explotaci\u00f3, reproducci\u00f3, distribuci\u00f3 o comunicaci\u00f3 p\u00fablica, objecte de propietat intel\u00b7lectual, sense la pr\u00e8via i expressa autoritzaci\u00f3 espec\u00edficament atorgada a aquest efecte per part de la RESPONSABLE o del tercer titular dels drets, si s&#8217;escau.<\/p>\n<p>Els usuaris de la WEB nom\u00e9s podran realitzar un \u00fas privat i personal dels seus continguts, \u00e9s a dir, nom\u00e9s tindran dret a visualitzar i realitzar c\u00f2pies dels continguts per al seu \u00fas personal i exclusiu i hauran d&#8217;aplicar aquests drets sobre la base dels principis de bona fe i la normativa aplicable. Queda absolutament prohibit l&#8217;\u00fas de la WEB o de qualsevol dels seus elements amb finalitats comercials o il\u00b7l\u00edcites. La utilitzaci\u00f3 no autoritzada de la informaci\u00f3 continguda en aquest Portal, aix\u00ed com els perjudicis ocasionats en els drets de propietat intel\u00b7lectual, poden donar lloc a l&#8217;exercici de les accions legals pertinents i, si s&#8217;escau, a les responsabilitats derivades d&#8217;aquest exercici.<\/p>\n<p><strong>7. COMPROMISOS<br \/>\n<\/strong><\/p>\n<p>El RESPONSABLE es compromet a no realitzar publicitat enganyosa. En aquest sentit, no es consideraran publicitat enganyosa els errors formals o num\u00e8rics que es puguin trobar en el contingut de les diferents seccions de la WEB a causa del manteniment i\/o de l&#8217;actualitzaci\u00f3 incompleta o defectuosa de la informaci\u00f3 continguda en aquestes seccions de la WEB a conseq\u00fc\u00e8ncia d&#8217;all\u00f2 esmentat en aquest apartat, el RESPONSABLE es compromet a corregir aquesta situaci\u00f3 tan aviat com tingui const\u00e0ncia dels esmentats errors.<\/p>\n<p><strong>8. ACCEPTACI\u00d3<br \/>\n<\/strong><\/p>\n<p>L&#8217;\u00fas de la WEB implica l&#8217;expressa i plena acceptaci\u00f3 d&#8217;aquestes condicions generals i de totes i cadascuna de les disposicions incloses en aquest av\u00eds legal en la versi\u00f3 publicada en el moment en qu\u00e8 l&#8217;usuari accedeix a aquest av\u00eds (excepte la pol\u00edtica de privacitat i la pol\u00edtica de cookies, que caldr\u00e0 acceptar-les expresses i separadament). En conseq\u00fc\u00e8ncia, es recomana que l&#8217;usuari llegeixi aquest av\u00eds legal cada vegada que accedeixi en la WEB, at\u00e8s que es poden produir modificacions en les condicions generals, sense perjudici de les condicions particulars que es puguin aplicar a determinats serveis concrets de la WEB<\/p>\n<p><strong>9. LEGISLACI\u00d3 I JURISDICCI\u00d3 APLICABLE<br \/>\n<\/strong><br \/>\nLes presents condicions d&#8217;acc\u00e9s i \u00fas queden subjectes a la legislaci\u00f3 andorrana i a la compet\u00e8ncia dels seus tribunals.<\/p>\n<\/div><\/div><\/div><\/div><\/div>\n","protected":false},"excerpt":{"rendered":"","protected":false},"author":1,"featured_media":0,"parent":0,"menu_order":19,"comment_status":"closed","ping_status":"closed","template":"","meta":{"_acf_changed":false,"footnotes":""},"class_list":["post-2651","page","type-page","status-publish","hentry"],"acf":[],"yoast_head":"<!-- This site is optimized with the Yoast SEO plugin v24.1 - https:\/\/yoast.com\/wordpress\/plugins\/seo\/ -->\n<title>Av\u00eds legal - Fabrizio Moscatiello<\/title>\n<meta name=\"robots\" content=\"index, follow, max-snippet:-1, max-image-preview:large, max-video-preview:-1\" \/>\n<link rel=\"canonical\" href=\"https:\/\/cirugiaplasticaandorra.com\/ca\/avis-legal\/\" \/>\n<meta property=\"og:locale\" content=\"ca_ES\" \/>\n<meta property=\"og:type\" content=\"article\" \/>\n<meta property=\"og:title\" content=\"Av\u00eds legal - Fabrizio Moscatiello\" \/>\n<meta property=\"og:url\" content=\"https:\/\/cirugiaplasticaandorra.com\/ca\/avis-legal\/\" \/>\n<meta property=\"og:site_name\" content=\"Fabrizio Moscatiello\" \/>\n<meta property=\"article:modified_time\" content=\"2023-11-28T18:04:13+00:00\" \/>\n<meta name=\"twitter:card\" content=\"summary_large_image\" \/>\n<script type=\"application\/ld+json\" class=\"yoast-schema-graph\">{\"@context\":\"https:\/\/schema.org\",\"@graph\":[{\"@type\":\"WebPage\",\"@id\":\"https:\/\/cirugiaplasticaandorra.com\/ca\/avis-legal\/\",\"url\":\"https:\/\/cirugiaplasticaandorra.com\/ca\/avis-legal\/\",\"name\":\"Av\u00eds legal - Fabrizio Moscatiello\",\"isPartOf\":{\"@id\":\"https:\/\/cirugiaplasticaandorra.com\/#website\"},\"datePublished\":\"2020-02-25T10:42:39+00:00\",\"dateModified\":\"2023-11-28T18:04:13+00:00\",\"breadcrumb\":{\"@id\":\"https:\/\/cirugiaplasticaandorra.com\/ca\/avis-legal\/#breadcrumb\"},\"inLanguage\":\"ca\",\"potentialAction\":[{\"@type\":\"ReadAction\",\"target\":[\"https:\/\/cirugiaplasticaandorra.com\/ca\/avis-legal\/\"]}]},{\"@type\":\"BreadcrumbList\",\"@id\":\"https:\/\/cirugiaplasticaandorra.com\/ca\/avis-legal\/#breadcrumb\",\"itemListElement\":[{\"@type\":\"ListItem\",\"position\":1,\"name\":\"Portada\",\"item\":\"https:\/\/cirugiaplasticaandorra.com\/ca\/\"},{\"@type\":\"ListItem\",\"position\":2,\"name\":\"Av\u00eds legal\"}]},{\"@type\":\"WebSite\",\"@id\":\"https:\/\/cirugiaplasticaandorra.com\/#website\",\"url\":\"https:\/\/cirugiaplasticaandorra.com\/\",\"name\":\"Fabrizio Moscatiello\",\"description\":\"\",\"publisher\":{\"@id\":\"https:\/\/cirugiaplasticaandorra.com\/#\/schema\/person\/22d9c3b3af852a097fcd993016b521fd\"},\"potentialAction\":[{\"@type\":\"SearchAction\",\"target\":{\"@type\":\"EntryPoint\",\"urlTemplate\":\"https:\/\/cirugiaplasticaandorra.com\/?s={search_term_string}\"},\"query-input\":{\"@type\":\"PropertyValueSpecification\",\"valueRequired\":true,\"valueName\":\"search_term_string\"}}],\"inLanguage\":\"ca\"},{\"@type\":[\"Person\",\"Organization\"],\"@id\":\"https:\/\/cirugiaplasticaandorra.com\/#\/schema\/person\/22d9c3b3af852a097fcd993016b521fd\",\"name\":\"Institut de cirurg\u00eda pl\u00e0stica Dr Fabrizo Moscatiello\",\"logo\":{\"@id\":\"https:\/\/cirugiaplasticaandorra.com\/#\/schema\/person\/image\/\"}}]}<\/script>\n<!-- \/ Yoast SEO plugin. -->","yoast_head_json":{"title":"Av\u00eds legal - Fabrizio Moscatiello","robots":{"index":"index","follow":"follow","max-snippet":"max-snippet:-1","max-image-preview":"max-image-preview:large","max-video-preview":"max-video-preview:-1"},"canonical":"https:\/\/cirugiaplasticaandorra.com\/ca\/avis-legal\/","og_locale":"ca_ES","og_type":"article","og_title":"Av\u00eds legal - Fabrizio Moscatiello","og_url":"https:\/\/cirugiaplasticaandorra.com\/ca\/avis-legal\/","og_site_name":"Fabrizio Moscatiello","article_modified_time":"2023-11-28T18:04:13+00:00","twitter_card":"summary_large_image","schema":{"@context":"https:\/\/schema.org","@graph":[{"@type":"WebPage","@id":"https:\/\/cirugiaplasticaandorra.com\/ca\/avis-legal\/","url":"https:\/\/cirugiaplasticaandorra.com\/ca\/avis-legal\/","name":"Av\u00eds legal - Fabrizio Moscatiello","isPartOf":{"@id":"https:\/\/cirugiaplasticaandorra.com\/#website"},"datePublished":"2020-02-25T10:42:39+00:00","dateModified":"2023-11-28T18:04:13+00:00","breadcrumb":{"@id":"https:\/\/cirugiaplasticaandorra.com\/ca\/avis-legal\/#breadcrumb"},"inLanguage":"ca","potentialAction":[{"@type":"ReadAction","target":["https:\/\/cirugiaplasticaandorra.com\/ca\/avis-legal\/"]}]},{"@type":"BreadcrumbList","@id":"https:\/\/cirugiaplasticaandorra.com\/ca\/avis-legal\/#breadcrumb","itemListElement":[{"@type":"ListItem","position":1,"name":"Portada","item":"https:\/\/cirugiaplasticaandorra.com\/ca\/"},{"@type":"ListItem","position":2,"name":"Av\u00eds legal"}]},{"@type":"WebSite","@id":"https:\/\/cirugiaplasticaandorra.com\/#website","url":"https:\/\/cirugiaplasticaandorra.com\/","name":"Fabrizio Moscatiello","description":"","publisher":{"@id":"https:\/\/cirugiaplasticaandorra.com\/#\/schema\/person\/22d9c3b3af852a097fcd993016b521fd"},"potentialAction":[{"@type":"SearchAction","target":{"@type":"EntryPoint","urlTemplate":"https:\/\/cirugiaplasticaandorra.com\/?s={search_term_string}"},"query-input":{"@type":"PropertyValueSpecification","valueRequired":true,"valueName":"search_term_string"}}],"inLanguage":"ca"},{"@type":["Person","Organization"],"@id":"https:\/\/cirugiaplasticaandorra.com\/#\/schema\/person\/22d9c3b3af852a097fcd993016b521fd","name":"Institut de cirurg\u00eda pl\u00e0stica Dr Fabrizo Moscatiello","logo":{"@id":"https:\/\/cirugiaplasticaandorra.com\/#\/schema\/person\/image\/"}}]}},"_links":{"self":[{"href":"https:\/\/cirugiaplasticaandorra.com\/ca\/wp-json\/wp\/v2\/pages\/2651","targetHints":{"allow":["GET"]}}],"collection":[{"href":"https:\/\/cirugiaplasticaandorra.com\/ca\/wp-json\/wp\/v2\/pages"}],"about":[{"href":"https:\/\/cirugiaplasticaandorra.com\/ca\/wp-json\/wp\/v2\/types\/page"}],"author":[{"embeddable":true,"href":"https:\/\/cirugiaplasticaandorra.com\/ca\/wp-json\/wp\/v2\/users\/1"}],"replies":[{"embeddable":true,"href":"https:\/\/cirugiaplasticaandorra.com\/ca\/wp-json\/wp\/v2\/comments?post=2651"}],"version-history":[{"count":6,"href":"https:\/\/cirugiaplasticaandorra.com\/ca\/wp-json\/wp\/v2\/pages\/2651\/revisions"}],"predecessor-version":[{"id":7697,"href":"https:\/\/cirugiaplasticaandorra.com\/ca\/wp-json\/wp\/v2\/pages\/2651\/revisions\/7697"}],"wp:attachment":[{"href":"https:\/\/cirugiaplasticaandorra.com\/ca\/wp-json\/wp\/v2\/media?parent=2651"}],"curies":[{"name":"wp","href":"https:\/\/api.w.org\/{rel}","templated":true}]}}