{"id":2658,"date":"2020-02-25T10:48:29","date_gmt":"2020-02-25T10:48:29","guid":{"rendered":"https:\/\/cirugiaplasticaandorra.com\/politica-de-privacitat\/"},"modified":"2023-11-28T18:21:32","modified_gmt":"2023-11-28T18:21:32","slug":"politica-de-privacitat","status":"publish","type":"page","link":"https:\/\/cirugiaplasticaandorra.com\/ca\/politica-de-privacitat\/","title":{"rendered":"Pol\u00edtica de privacitat"},"content":{"rendered":"\n<p><strong>1.- Disposicions generals:<\/strong><\/p>\n<p>L&#8217;informem que qualsevol dada personal que vost\u00e8 faciliti a trav\u00e9s d&#8217;aquest lloc web ser\u00e0 tractat per la CL\u00cdNICA MOSCATIELLO, SL (en endavant, \u201cCLIMOS\u201d) en qualitat de responsable del tractament. CLIMOS \u00e9s la titular d&#8217;aquest lloc web, est\u00e0 domiciliada a Prat de la Creu 59-65, 1r planta, escala D, AD500, Andorra la Vella, Andorra, amb N\u00famero de registre Tributari L-714029-J amb data 20\/09\/2019. CLIMOS l&#8217;informa que per a qualsevol q\u00fcesti\u00f3 relacionada amb la Protecci\u00f3 de Dades, vost\u00e8 pot posar-se en contacte amb el nostre Delegat de Protecci\u00f3 de Dades conforme a la lletra b) de l&#8217;apartat 2 d&#8217;aquesta Pol\u00edtica de Privacitat.<\/p>\n<p>No han de facilitar-se, a trav\u00e9s d&#8217;aquest lloc web, dades personals de tercers diferents de l&#8217;interessat. No obstant aix\u00f2, en cas que aix\u00f2 fos imprescindible per a dur a terme la sol\u00b7licitud que justifiqui el subministrament de les dades personals, la persona que el faci assumeix la responsabilitat d&#8217;informar pr\u00e8viament el titular de les dades personals de tot el que es preveu en l&#8217;article 14 del Reglament (UE) 2016\/679 del Parlament Europeu i del Consell de 27 d&#8217;abril de 2016 relatiu a la protecci\u00f3 de les persones f\u00edsiques pel que fa al tractament de dades personals i a la lliure circulaci\u00f3 d&#8217;aquestes dades (d&#8217;ara endavant, \u201cRGPD\u201d) en les condicions establertes en aquest precepte.<\/p>\n<p>En cas que, per a poder efectuar degudament una sol\u00b7licitud, vost\u00e8 hagi de facilitar dades personals de menors de 18 anys, vost\u00e8 garanteix a CLIMOS que ho fa en la seva condici\u00f3 de pare, mare o tutor legal del menor titular de les dades personals, atorgant tamb\u00e9 el seu consentiment expr\u00e9s per al tractament d&#8217;aquests. En aquest cas, vost\u00e8 haur\u00e0 d&#8217;acreditar el parentiu o la tutela, mitjan\u00e7ant l&#8217;aportaci\u00f3 d&#8217;un document oficial, a tall d&#8217;exemple, una c\u00f2pia escanejada del Llibre de Fam\u00edlia.<\/p>\n<p><strong>2.- Quines dades recollim?<br><\/strong><\/p>\n<p>En compliment del qual requereix la Llei 29\/2021, de 28 d&#8217;octubre, qualificada de Protecci\u00f3 de Dades Personals (en endavant, &#8220;LQDP&#8221;), i amb els reglaments que la desenvolupen, s&#8217;informa els usuaris d&#8217;aquest lloc web cirugiaplasticaandorra.com nom\u00e9s recollir\u00e0 les dades personals estrictament necess\u00e0ries per a complir amb les finalitats descrites a continuaci\u00f3 i que les mateixes es tractaran amb el m\u00e0xim respecte als principis establerts a la normativa de protecci\u00f3 de dades.<\/p>\n<p><strong>3.-Responsable del tractament de les seves dades personals, representant a la Uni\u00f3 Europea, i delegat de protecci\u00f3 de dades:<\/strong><\/p>\n<p><em>a) Responsable del tractament:<\/em><\/p>\n<p>La responsable del tractament \u00e9s CLIMOS les dades identificatives del qual i de contacte es detallen en l&#8217;apartat 1 d&#8217;aquesta Pol\u00edtica de Privacitat.<\/p>\n<p><em>b) Delegat de Protecci\u00f3 de Dades:<\/em><\/p>\n<p>Pot contactar mitjan\u00e7ant l&#8217;adre\u00e7a de correu electr\u00f2nic info@cirugiaplasticaandorra.com<\/p>\n<p><strong>4.-Finalitats del tractament, base jur\u00eddica del tractament i termini de conservaci\u00f3 de les dades personals:<\/strong><\/p>\n<p>CLIMOS podr\u00e0 tractar les seves dades personals per a les finalitats descrites a continuaci\u00f3:<\/p>\n<p>a) A trav\u00e9s del formulari de contacte que CLIMOS posa a la seva disposici\u00f3 en aquest lloc web perqu\u00e8 vost\u00e8 pugui realitzar sol\u00b7licituds d&#8217;informaci\u00f3, consultes o reclamacions, aquesta entitat recollir\u00e0 i tractar\u00e0 les seves dades personals amb la finalitat de poder gestionar la seva sol\u00b7licitud, aix\u00ed com per a dur a terme tots els tr\u00e0mits i\/o procediments necessaris per a donar curs a aquesta sol\u00b7licitud. La base jur\u00eddica d&#8217;aquest tractament de dades personals \u00e9s el consentiment que vost\u00e8 haur\u00e0 manifestat en marcar la casella que es troba al costat de la frase \u201cMarca la casella si acceptes i entens el nostre av\u00eds legal i la nostra pol\u00edtica de privacitat.\u201d que apareix en el formulari que CLIMOS posa a la seva disposici\u00f3 en aquest lloc web. El subministrament de les seves dades personals a trav\u00e9s d&#8217;aquest formulari \u00e9s, per tant, voluntari, si b\u00e9 en cas de no facilitar-se les dades personals, no podria donar-se curs a la seva sol\u00b7licitud, consulta o reclamaci\u00f3. Aquest consentiment pot revocar-se quan vost\u00e8 ho desitgi, si b\u00e9, igualment, tal revocaci\u00f3 faria impossible continuar la tramitaci\u00f3 de la seva sol\u00b7licitud, consulta o reclamaci\u00f3.<\/p>\n<p>CLIMOS conservar\u00e0 les seves dades personals fins que finalitzi la gesti\u00f3 de la seva sol\u00b7licitud d&#8217;informaci\u00f3, consulta o reclamaci\u00f3. En cas que existeixi una legislaci\u00f3 que obligui a CLIMOS a conservar les seves dades personals en relaci\u00f3 amb aquesta sol\u00b7licitud per m\u00e9s temps, o CLIMOS consideri que hagi de fer-ho per exemple per a atendre eventuals reclamacions de la seva part, CLIMOS conservar\u00e0 les seves dades personals durant aquest per\u00edode addicional. Finalitzats tals terminis, les dades personals seran suprimits.<\/p>\n<p>b) Realitzar estudis de mercat i an\u00e0lisi estad\u00edstica.<\/p>\n<p>Si les seves dades personals s&#8217;utilitzen per a diverses finalitats que obliguin a CLIMOS a conservar-los durant terminis diferents, CLIMOS aplicar\u00e0 el termini de conservaci\u00f3 m\u00e9s llarg d&#8217;entre ells.<\/p>\n<p><strong>5.-A qui passarem les vostres dades?<br><\/strong><\/p>\n<p>Per norma general, les vostres dades no es passaran a tercers si no comptem amb el vostre consentiment expr\u00e9s per a fer-lo.<br><br>Per a aconseguir les finalitats anteriorment esmentades, i nom\u00e9s quan aix\u00ed sigui necessari, les seves dades personals es poden transmetre a:<br><br>Encarregats de tractament del CLIMOS que hagin de processar les seves dades personals en relaci\u00f3 amb la finalitat que es tracti, el que realitzaran segons les instruccions d&#8217;aquesta entitat i de conformitat amb la seva pol\u00edtica de privacitat i qualsevol mesura de seguretat i de confidencialitat apropiada que estableixi la CLIMOS.<\/p>\n<p><strong>6.-Passarem les vostres dades a pa\u00efsos fora d&#8217;Andorra?<br><\/strong><\/p>\n<p>Per norma general, les vostres dades aqu\u00ed recollides no es transferiran fora d&#8217;Andorra. No obstant aix\u00f2, en casos de cooperaci\u00f3 internacional amb altres autoritats de protecci\u00f3 de dades, us demanarem el vostre consentiment per a aquestes transfer\u00e8ncies quan la base legitimadora del tractament sigui el vostre consentiment.<\/p>\n<p><strong>7.-Drets de l&#8217;usuari:<\/strong><\/p>\n<p>Els drets que assisteixen a l&#8217;USUARI s\u00f3n:<\/p>\n<ul>\n<li>Dret a retirar el consentiment en qualsevol moment.<\/li>\n<li>Dret d&#8217;acc\u00e9s, rectificaci\u00f3, portabilitat i supressi\u00f3 de les seves dades, i de limitaci\u00f3 o oposici\u00f3 al seu tractament.<\/li>\n<li>Dret a presentar una reclamaci\u00f3 davant l&#8217;autoritat de control si considera que el tractament no s&#8217;ajusta a la normativa vigent.<\/li>\n<\/ul>\n<p>Dades de contacte per a exercir els seus drets:<\/p>\n<p>CL\u00cdNICA MOSCATIELLO, SL, carrer Prat de la Creu 59-65, 1r planta, escala D, AD500, Andorra la Vella, Andorra. Email: info@cirugiaplasticaandorra.com<\/p>\n<p><strong>8.-MESURES DE SEGURETAT<\/strong><\/p>\n<p>Que de conformitat amb el que es disposa en les normatives vigents en protecci\u00f3 de dades personals, el RESPONSABLE est\u00e0 complint amb totes les disposicions per al tractament de les dades personals de la seva responsabilitat, pels quals s\u00f3n tractats de manera l\u00edcita, lleial i transparent en relaci\u00f3 amb l&#8217;interessat i adequats, pertinents i limitats al necessari en relaci\u00f3 amb els fins per als quals s\u00f3n tractats i que s&#8217;han establert les mesures necess\u00e0ries, tant t\u00e8cniques com organitzatives, per a garantir la seguretat de les seves dades personals i evitar la seva alteraci\u00f3, mal \u00fas, p\u00e8rdua, robatori i tractament i\/o acc\u00e9s no autoritzat.<\/p>\n<p>Per a m\u00e9s informaci\u00f3 sobre les garanties de privacitat, pots dirigir-te al RESPONSABLE a trav\u00e9s de CL\u00cdNICA MOSCATIELLO, SL, carrer Prat de la Creu 59-65, 1r planta, escala D, AD500, Andorra la Vella, Andorra. Email: info@cirugiaplasticaandorra.com<\/p>\n<p><strong>9.- Canvis en la Pol\u00edtica de Privacitat:<\/strong><\/p>\n<p>Aquesta Pol\u00edtica de Privacitat est\u00e0 subjecta a eventuals canvis d&#8217;acord amb la legislaci\u00f3 aplicable a cada moment. En tot cas, qualsevol modificaci\u00f3 d&#8217;aquesta Pol\u00edtica de Privacitat li ser\u00e0 degudament notificada perqu\u00e8 vost\u00e8 quedi informat dels canvis produ\u00efts i, si \u00e9s el cas, pugui atorgar el seu consentiment expr\u00e9s a aquests canvis.<\/p>\n\n\n","protected":false},"excerpt":{"rendered":"<p>1.- Disposicions generals: L&#8217;informem que qualsevol dada personal que vost\u00e8 faciliti a trav\u00e9s d&#8217;aquest lloc web ser\u00e0 tractat per la CL\u00cdNICA MOSCATIELLO, SL (en endavant, \u201cCLIMOS\u201d) en qualitat de responsable del tractament. [&hellip;]<\/p>\n","protected":false},"author":1,"featured_media":0,"parent":0,"menu_order":18,"comment_status":"closed","ping_status":"closed","template":"","meta":{"_acf_changed":false,"footnotes":""},"class_list":["post-2658","page","type-page","status-publish","hentry"],"acf":[],"yoast_head":"<!-- This site is optimized with the Yoast SEO plugin v24.1 - https:\/\/yoast.com\/wordpress\/plugins\/seo\/ -->\n<title>Pol\u00edtica de privacitat - Fabrizio Moscatiello<\/title>\n<meta name=\"robots\" content=\"index, follow, max-snippet:-1, max-image-preview:large, max-video-preview:-1\" \/>\n<link rel=\"canonical\" href=\"https:\/\/cirugiaplasticaandorra.com\/ca\/politica-de-privacitat\/\" \/>\n<meta property=\"og:locale\" content=\"ca_ES\" \/>\n<meta property=\"og:type\" content=\"article\" \/>\n<meta property=\"og:title\" content=\"Pol\u00edtica de privacitat - Fabrizio Moscatiello\" \/>\n<meta property=\"og:description\" content=\"1.- Disposicions generals: L&#8217;informem que qualsevol dada personal que vost\u00e8 faciliti a trav\u00e9s d&#8217;aquest lloc web ser\u00e0 tractat per la CL\u00cdNICA MOSCATIELLO, SL (en endavant, \u201cCLIMOS\u201d) en qualitat de responsable del tractament. [&hellip;]\" \/>\n<meta property=\"og:url\" content=\"https:\/\/cirugiaplasticaandorra.com\/ca\/politica-de-privacitat\/\" \/>\n<meta property=\"og:site_name\" content=\"Fabrizio Moscatiello\" \/>\n<meta property=\"article:modified_time\" content=\"2023-11-28T18:21:32+00:00\" \/>\n<meta name=\"twitter:card\" content=\"summary_large_image\" \/>\n<script type=\"application\/ld+json\" class=\"yoast-schema-graph\">{\"@context\":\"https:\/\/schema.org\",\"@graph\":[{\"@type\":\"WebPage\",\"@id\":\"https:\/\/cirugiaplasticaandorra.com\/ca\/politica-de-privacitat\/\",\"url\":\"https:\/\/cirugiaplasticaandorra.com\/ca\/politica-de-privacitat\/\",\"name\":\"Pol\u00edtica de privacitat - Fabrizio Moscatiello\",\"isPartOf\":{\"@id\":\"https:\/\/cirugiaplasticaandorra.com\/#website\"},\"datePublished\":\"2020-02-25T10:48:29+00:00\",\"dateModified\":\"2023-11-28T18:21:32+00:00\",\"breadcrumb\":{\"@id\":\"https:\/\/cirugiaplasticaandorra.com\/ca\/politica-de-privacitat\/#breadcrumb\"},\"inLanguage\":\"ca\",\"potentialAction\":[{\"@type\":\"ReadAction\",\"target\":[\"https:\/\/cirugiaplasticaandorra.com\/ca\/politica-de-privacitat\/\"]}]},{\"@type\":\"BreadcrumbList\",\"@id\":\"https:\/\/cirugiaplasticaandorra.com\/ca\/politica-de-privacitat\/#breadcrumb\",\"itemListElement\":[{\"@type\":\"ListItem\",\"position\":1,\"name\":\"Portada\",\"item\":\"https:\/\/cirugiaplasticaandorra.com\/ca\/\"},{\"@type\":\"ListItem\",\"position\":2,\"name\":\"Pol\u00edtica de privacitat\"}]},{\"@type\":\"WebSite\",\"@id\":\"https:\/\/cirugiaplasticaandorra.com\/#website\",\"url\":\"https:\/\/cirugiaplasticaandorra.com\/\",\"name\":\"Fabrizio Moscatiello\",\"description\":\"\",\"publisher\":{\"@id\":\"https:\/\/cirugiaplasticaandorra.com\/#\/schema\/person\/22d9c3b3af852a097fcd993016b521fd\"},\"potentialAction\":[{\"@type\":\"SearchAction\",\"target\":{\"@type\":\"EntryPoint\",\"urlTemplate\":\"https:\/\/cirugiaplasticaandorra.com\/?s={search_term_string}\"},\"query-input\":{\"@type\":\"PropertyValueSpecification\",\"valueRequired\":true,\"valueName\":\"search_term_string\"}}],\"inLanguage\":\"ca\"},{\"@type\":[\"Person\",\"Organization\"],\"@id\":\"https:\/\/cirugiaplasticaandorra.com\/#\/schema\/person\/22d9c3b3af852a097fcd993016b521fd\",\"name\":\"Institut de cirurg\u00eda pl\u00e0stica Dr Fabrizo Moscatiello\",\"logo\":{\"@id\":\"https:\/\/cirugiaplasticaandorra.com\/#\/schema\/person\/image\/\"}}]}<\/script>\n<!-- \/ Yoast SEO plugin. -->","yoast_head_json":{"title":"Pol\u00edtica de privacitat - Fabrizio Moscatiello","robots":{"index":"index","follow":"follow","max-snippet":"max-snippet:-1","max-image-preview":"max-image-preview:large","max-video-preview":"max-video-preview:-1"},"canonical":"https:\/\/cirugiaplasticaandorra.com\/ca\/politica-de-privacitat\/","og_locale":"ca_ES","og_type":"article","og_title":"Pol\u00edtica de privacitat - Fabrizio Moscatiello","og_description":"1.- Disposicions generals: L&#8217;informem que qualsevol dada personal que vost\u00e8 faciliti a trav\u00e9s d&#8217;aquest lloc web ser\u00e0 tractat per la CL\u00cdNICA MOSCATIELLO, SL (en endavant, \u201cCLIMOS\u201d) en qualitat de responsable del tractament. [&hellip;]","og_url":"https:\/\/cirugiaplasticaandorra.com\/ca\/politica-de-privacitat\/","og_site_name":"Fabrizio Moscatiello","article_modified_time":"2023-11-28T18:21:32+00:00","twitter_card":"summary_large_image","schema":{"@context":"https:\/\/schema.org","@graph":[{"@type":"WebPage","@id":"https:\/\/cirugiaplasticaandorra.com\/ca\/politica-de-privacitat\/","url":"https:\/\/cirugiaplasticaandorra.com\/ca\/politica-de-privacitat\/","name":"Pol\u00edtica de privacitat - Fabrizio Moscatiello","isPartOf":{"@id":"https:\/\/cirugiaplasticaandorra.com\/#website"},"datePublished":"2020-02-25T10:48:29+00:00","dateModified":"2023-11-28T18:21:32+00:00","breadcrumb":{"@id":"https:\/\/cirugiaplasticaandorra.com\/ca\/politica-de-privacitat\/#breadcrumb"},"inLanguage":"ca","potentialAction":[{"@type":"ReadAction","target":["https:\/\/cirugiaplasticaandorra.com\/ca\/politica-de-privacitat\/"]}]},{"@type":"BreadcrumbList","@id":"https:\/\/cirugiaplasticaandorra.com\/ca\/politica-de-privacitat\/#breadcrumb","itemListElement":[{"@type":"ListItem","position":1,"name":"Portada","item":"https:\/\/cirugiaplasticaandorra.com\/ca\/"},{"@type":"ListItem","position":2,"name":"Pol\u00edtica de privacitat"}]},{"@type":"WebSite","@id":"https:\/\/cirugiaplasticaandorra.com\/#website","url":"https:\/\/cirugiaplasticaandorra.com\/","name":"Fabrizio Moscatiello","description":"","publisher":{"@id":"https:\/\/cirugiaplasticaandorra.com\/#\/schema\/person\/22d9c3b3af852a097fcd993016b521fd"},"potentialAction":[{"@type":"SearchAction","target":{"@type":"EntryPoint","urlTemplate":"https:\/\/cirugiaplasticaandorra.com\/?s={search_term_string}"},"query-input":{"@type":"PropertyValueSpecification","valueRequired":true,"valueName":"search_term_string"}}],"inLanguage":"ca"},{"@type":["Person","Organization"],"@id":"https:\/\/cirugiaplasticaandorra.com\/#\/schema\/person\/22d9c3b3af852a097fcd993016b521fd","name":"Institut de cirurg\u00eda pl\u00e0stica Dr Fabrizo Moscatiello","logo":{"@id":"https:\/\/cirugiaplasticaandorra.com\/#\/schema\/person\/image\/"}}]}},"_links":{"self":[{"href":"https:\/\/cirugiaplasticaandorra.com\/ca\/wp-json\/wp\/v2\/pages\/2658","targetHints":{"allow":["GET"]}}],"collection":[{"href":"https:\/\/cirugiaplasticaandorra.com\/ca\/wp-json\/wp\/v2\/pages"}],"about":[{"href":"https:\/\/cirugiaplasticaandorra.com\/ca\/wp-json\/wp\/v2\/types\/page"}],"author":[{"embeddable":true,"href":"https:\/\/cirugiaplasticaandorra.com\/ca\/wp-json\/wp\/v2\/users\/1"}],"replies":[{"embeddable":true,"href":"https:\/\/cirugiaplasticaandorra.com\/ca\/wp-json\/wp\/v2\/comments?post=2658"}],"version-history":[{"count":1,"href":"https:\/\/cirugiaplasticaandorra.com\/ca\/wp-json\/wp\/v2\/pages\/2658\/revisions"}],"predecessor-version":[{"id":7717,"href":"https:\/\/cirugiaplasticaandorra.com\/ca\/wp-json\/wp\/v2\/pages\/2658\/revisions\/7717"}],"wp:attachment":[{"href":"https:\/\/cirugiaplasticaandorra.com\/ca\/wp-json\/wp\/v2\/media?parent=2658"}],"curies":[{"name":"wp","href":"https:\/\/api.w.org\/{rel}","templated":true}]}}