{"id":5172,"date":"2020-07-30T15:45:07","date_gmt":"2020-07-30T15:45:07","guid":{"rendered":"https:\/\/cirugiaplasticaandorra.com\/pagament-de-tractaments\/"},"modified":"2021-11-11T09:18:38","modified_gmt":"2021-11-11T09:18:38","slug":"pagament-de-tractaments","status":"publish","type":"page","link":"https:\/\/cirugiaplasticaandorra.com\/ca\/pagament-de-tractaments\/","title":{"rendered":"Pagament de tractaments"},"content":{"rendered":"<p><div class=\"fusion-fullwidth fullwidth-box fusion-builder-row-1 nonhundred-percent-fullwidth non-hundred-percent-height-scrolling\" style=\"--awb-border-radius-top-left:0px;--awb-border-radius-top-right:0px;--awb-border-radius-bottom-right:0px;--awb-border-radius-bottom-left:0px;--awb-flex-wrap:wrap;\" ><div class=\"fusion-builder-row fusion-row\"><div class=\"fusion-layout-column fusion_builder_column fusion-builder-column-0 fusion_builder_column_1_1 1_1 fusion-one-full fusion-column-first fusion-column-last\" style=\"--awb-padding-top:25px;--awb-padding-bottom:25px;--awb-bg-size:cover;\"><div class=\"fusion-column-wrapper fusion-column-has-shadow fusion-flex-column-wrapper-legacy\"><div class=\"fusion-text fusion-text-1\"><p>Per favor, emplena el formulari que trobar\u00e0s a continuaci\u00f3 per a realitzar el pagament. Recorda emplenar tots els camps. Per a qualsevol dubte, pots emplenar el formulari de consulta que trobar\u00e0s una mica m\u00e9s endavant. Moltes gr\u00e0cies per confiar en l&#8217;Institut de Cirurgia Pl\u00e0stica Dr. Fabrizio Moscatiello.<\/p>\n<\/div><div class=\"fusion-clearfix\"><\/div><\/div><\/div><div class=\"fusion-layout-column fusion_builder_column fusion-builder-column-1 fusion_builder_column_1_1 1_1 fusion-one-full fusion-column-first fusion-column-last fusion-no-small-visibility\" style=\"--awb-bg-size:cover;\"><div class=\"fusion-column-wrapper fusion-column-has-shadow fusion-flex-column-wrapper-legacy\"><div class=\"fusion-menu-anchor\" id=\"hablamos\"><\/div><div class=\"fusion-title title fusion-title-1 fusion-sep-none fusion-title-center fusion-title-text fusion-title-size-two\" style=\"--awb-margin-bottom:5px;--awb-margin-bottom-small:5px;--awb-font-size:28px;\"><h2 class=\"fusion-title-heading title-heading-center fusion-responsive-typography-calculated\" style=\"margin:0;font-size:1em;--fontSize:28;line-height:1.18;\">Formulari de pagament<\/h2><\/div><div class=\"fusion-clearfix\"><\/div><\/div><\/div><div class=\"fusion-layout-column fusion_builder_column fusion-builder-column-2 fusion_builder_column_1_1 1_1 fusion-one-full fusion-column-first fusion-column-last fusion-no-medium-visibility fusion-no-large-visibility\" style=\"--awb-bg-size:cover;\"><div class=\"fusion-column-wrapper fusion-column-has-shadow fusion-flex-column-wrapper-legacy\"><div class=\"fusion-menu-anchor\" id=\"hablamos\"><\/div><div class=\"fusion-title title fusion-title-2 fusion-sep-none fusion-title-center fusion-title-text fusion-title-size-two\" style=\"--awb-margin-bottom:5px;--awb-margin-bottom-small:5px;--awb-font-size:26px;\"><h2 class=\"fusion-title-heading title-heading-center fusion-responsive-typography-calculated\" style=\"margin:0;font-size:1em;--fontSize:26;--minFontSize:26;line-height:1.18;\">Formulari de pagament<\/h2><\/div><div class=\"fusion-clearfix\"><\/div><\/div><\/div><div class=\"fusion-layout-column fusion_builder_column fusion-builder-column-3 fusion_builder_column_1_6 1_6 fusion-one-sixth fusion-column-first\" style=\"--awb-bg-size:cover;width:16.666666666667%;width:calc(16.666666666667% - ( ( 4% + 4% ) * 0.16666666666667 ) );margin-right: 4%;\"><div class=\"fusion-column-wrapper fusion-column-has-shadow fusion-flex-column-wrapper-legacy\"><div class=\"fusion-clearfix\"><\/div><\/div><\/div><div class=\"fusion-layout-column fusion_builder_column fusion-builder-column-4 fusion_builder_column_2_3 2_3 fusion-two-third\" style=\"--awb-bg-size:cover;width:66.666666666667%;width:calc(66.666666666667% - ( ( 4% + 4% ) * 0.66666666666667 ) );margin-right: 4%;\"><div class=\"fusion-column-wrapper fusion-column-has-shadow fusion-flex-column-wrapper-legacy\"><div class=\"fusion-text fusion-text-2\"><div class=\"boton-pago-redsys\"><form action=\"https:\/\/sis.redsys.es\/sis\/realizarPago\" method=\"post\" id=\"form_pago_redsys-3952\"><div class=\"form_redsys_campo\"><label for=\"nom-i-cognoms\" class=\"redsys_form_label\">Nom i cognoms<\/label> <span class=\"required\">*<\/span><br><input class=\"redsys_form_fields redsys_form_fields-text redsys_form_fields-3952\" data-concepto=\"Nom i cognoms\" type=\"text\" name=\"nom-i-cognoms\" id=\"nom-i-cognoms\" placeholder=\"Introdu\u00efsca el seu nom i cognoms\" value=\"\" onfocus=\"desmarcaCampo(this);\" required=\"required\"><\/div><div class=\"form_redsys_campo\"><label for=\"email\" class=\"redsys_form_label\">Email<\/label><br><input class=\"redsys_form_fields redsys_form_fields-email redsys_form_fields-3952 email-redsys\" data-concepto=\"Email\" type=\"email\" name=\"email\" id=\"email\" placeholder=\"Introdu\u00efsca el seu mail\" value=\"\" onfocus=\"desmarcaCampo(this);\"><\/div><div class=\"form_redsys_campo\"><label for=\"concepte\" class=\"redsys_form_label\">Concepte<\/label><br><textarea class=\"redsys_form_fields redsys_form_fields-textarea redsys_form_fields-3952\" data-concepto=\"Concepte\" data-type=\"textarea\" name=\"concepte\" id=\"concepte\" placeholder=\"Introdu\u00efsca concepte, refer\u00e8ncia, informaci\u00f3 addicional\" onfocus=\"desmarcaCampo(this);\"><\/textarea><\/div><input type=\"hidden\" name=\"Ds_SignatureVersion\" value=\"HMAC_SHA256_V1\" \/><input type=\"hidden\" name=\"Ds_MerchantParameters\" id=\"Ds_MerchantParameters-3952\" \/><input type=\"hidden\" name=\"Ds_Signature\" id=\"Ds_Signature-3952\" \/><input type=\"hidden\" name=\"Ds_Order\" id=\"Ds_Order-3952\" value=\"000036001\" \/><input type=\"hidden\" name=\"Ds_MerchantPaymethods\" id=\"Ds_MerchantPaymethods-3952\" value=\"C\" \/><input type=\"hidden\" name=\"Ds_Merchant_ConsumerLanguage\" id=\"Ds_Merchant_ConsumerLanguage-3952\" value=\"1\" \/><input type=\"hidden\" name=\"http_accept\" id=\"http_accept-3952\" value=\"*\/*\" \/><input type=\"number\" step=\"1.000000\" placeholder=\"Cantidad\" required=\"required\" class=\"cantidad-redsys\" id=\"cantidad_redsys-3952\" required=\"required\" min=\"0\" onfocus=\"this.style.borderColor='#ccc';\" \/> <span class=\"simbolo-moneda\"><\/span><input type=\"button\" value=\"PAGAR\" class=\"boton-redsys\" id=\"boton_redsys-3952\" style=\"background-color:#854a79;color:#fff\" onclick=\"procesaPago('3952');\" \/><br><input type=\"hidden\" name=\"concepto\" id=\"concepto_redsys-3952\" class=\"concepto-redsys\" \/><p class=\"boton-redsys-rgpd\"><input type=\"checkbox\" name=\"boton_redsys_rgpd\" id=\"rgpd_redsys-3952\" aria-required=\"true\" required><span class=\"boton_redsys_rgpd_texto\"> Marca la casella si acceptes i entens nostre <a style=\"text-decoration: none;\" href=\"\/ca\/avis-legal\/\" target=\"_blank\" rel=\"noopener\"><span style=\"font-weight: bold;\">avis legal<\/span><\/a> y la nostra <a style=\"text-decoration: none;\" href=\"\/ca\/politica-de-privacitat\/\" target=\"_blank\" rel=\"noopener\"><span style=\"font-weight: bold;\">pol\u00edtica de privacitat<\/span><\/a>.<div class=\"boton-redsys-texto-rgpd\"><\/div><\/form><\/div>\n<\/div><div class=\"fusion-clearfix\"><\/div><\/div><\/div><div class=\"fusion-layout-column fusion_builder_column fusion-builder-column-5 fusion_builder_column_1_6 1_6 fusion-one-sixth fusion-column-last\" style=\"--awb-bg-size:cover;width:16.666666666667%;width:calc(16.666666666667% - ( ( 4% + 4% ) * 0.16666666666667 ) );\"><div class=\"fusion-column-wrapper fusion-column-has-shadow fusion-flex-column-wrapper-legacy\"><div class=\"fusion-clearfix\"><\/div><\/div><\/div><\/div><\/div><div class=\"fusion-fullwidth fullwidth-box fusion-builder-row-2 nonhundred-percent-fullwidth non-hundred-percent-height-scrolling\" style=\"--awb-border-radius-top-left:0px;--awb-border-radius-top-right:0px;--awb-border-radius-bottom-right:0px;--awb-border-radius-bottom-left:0px;--awb-flex-wrap:wrap;\" ><div class=\"fusion-builder-row fusion-row\"><div class=\"fusion-layout-column fusion_builder_column fusion-builder-column-6 fusion_builder_column_1_1 1_1 fusion-one-full fusion-column-first fusion-column-last fusion-no-small-visibility\" style=\"--awb-bg-size:cover;\"><div class=\"fusion-column-wrapper fusion-column-has-shadow fusion-flex-column-wrapper-legacy\"><div class=\"fusion-menu-anchor\" id=\"hablamos\"><\/div><div class=\"fusion-title title fusion-title-3 fusion-sep-none fusion-title-center fusion-title-text fusion-title-size-two\" style=\"--awb-margin-bottom:5px;--awb-margin-bottom-small:5px;--awb-font-size:28px;\"><h2 class=\"fusion-title-heading title-heading-center fusion-responsive-typography-calculated\" style=\"margin:0;font-size:1em;--fontSize:28;line-height:1.18;\">Tens algun dubte?<\/h2><\/div><div class=\"fusion-clearfix\"><\/div><\/div><\/div><div class=\"fusion-layout-column fusion_builder_column fusion-builder-column-7 fusion_builder_column_1_1 1_1 fusion-one-full fusion-column-first fusion-column-last fusion-no-medium-visibility fusion-no-large-visibility\" style=\"--awb-bg-size:cover;\"><div class=\"fusion-column-wrapper fusion-column-has-shadow fusion-flex-column-wrapper-legacy\"><div class=\"fusion-menu-anchor\" id=\"hablamos\"><\/div><div class=\"fusion-title title fusion-title-4 fusion-sep-none fusion-title-center fusion-title-text fusion-title-size-two\" style=\"--awb-margin-bottom:5px;--awb-margin-bottom-small:5px;--awb-font-size:26px;\"><h2 class=\"fusion-title-heading title-heading-center fusion-responsive-typography-calculated\" style=\"margin:0;font-size:1em;--fontSize:26;--minFontSize:26;line-height:1.18;\">Tens algun dubte?<\/h2><\/div><div class=\"fusion-clearfix\"><\/div><\/div><\/div><div class=\"fusion-layout-column fusion_builder_column fusion-builder-column-8 fusion_builder_column_1_6 1_6 fusion-one-sixth fusion-column-first\" style=\"--awb-bg-size:cover;width:16.666666666667%;width:calc(16.666666666667% - ( ( 4% + 4% ) * 0.16666666666667 ) );margin-right: 4%;\"><div class=\"fusion-column-wrapper fusion-column-has-shadow fusion-flex-column-wrapper-legacy\"><div class=\"fusion-clearfix\"><\/div><\/div><\/div><div class=\"fusion-layout-column fusion_builder_column fusion-builder-column-9 fusion_builder_column_2_3 2_3 fusion-two-third\" style=\"--awb-bg-size:cover;width:66.666666666667%;width:calc(66.666666666667% - ( ( 4% + 4% ) * 0.66666666666667 ) );margin-right: 4%;\"><div class=\"fusion-column-wrapper fusion-column-has-shadow fusion-flex-column-wrapper-legacy\">\n<div class=\"wpcf7 no-js\" id=\"wpcf7-f2726-o1\" lang=\"ca\" dir=\"ltr\" data-wpcf7-id=\"2726\">\n<div class=\"screen-reader-response\"><p role=\"status\" aria-live=\"polite\" aria-atomic=\"true\"><\/p> <ul><\/ul><\/div>\n<form action=\"\/ca\/wp-json\/wp\/v2\/pages\/5172#wpcf7-f2726-o1\" method=\"post\" class=\"wpcf7-form init\" aria-label=\"Formulari de contacte\" novalidate=\"novalidate\" data-status=\"init\">\n<div style=\"display: none;\">\n<input type=\"hidden\" name=\"_wpcf7\" value=\"2726\" \/>\n<input type=\"hidden\" name=\"_wpcf7_version\" value=\"6.0.1\" \/>\n<input type=\"hidden\" name=\"_wpcf7_locale\" value=\"ca\" \/>\n<input type=\"hidden\" name=\"_wpcf7_unit_tag\" value=\"wpcf7-f2726-o1\" \/>\n<input type=\"hidden\" name=\"_wpcf7_container_post\" value=\"0\" \/>\n<input type=\"hidden\" name=\"_wpcf7_posted_data_hash\" value=\"\" \/>\n<\/div>\n<div class=\"one-half\">\n\t<p>Digues-nos el teu nom... (obligatori)<br \/>\n<span class=\"wpcf7-form-control-wrap\" data-name=\"tu-nombre\"><input size=\"40\" maxlength=\"400\" class=\"wpcf7-form-control wpcf7-text wpcf7-validates-as-required\" aria-required=\"true\" aria-invalid=\"false\" value=\"\" type=\"text\" name=\"tu-nombre\" \/><\/span>\n\t<\/p>\n<\/div>\n<div class=\"one-half last\">\n\t<p>Digues-nos el teu cognom... (obligatori)<br \/>\n<span class=\"wpcf7-form-control-wrap\" data-name=\"tu-apellido\"><input size=\"40\" maxlength=\"400\" class=\"wpcf7-form-control wpcf7-text wpcf7-validates-as-required\" aria-required=\"true\" aria-invalid=\"false\" value=\"\" type=\"text\" name=\"tu-apellido\" \/><\/span>\n\t<\/p>\n<\/div>\n<div class=\"one-half\">\n\t<p>Deixa'ns el teu tel\u00e8fon... (obligatori)<br \/>\n<span class=\"wpcf7-form-control-wrap\" data-name=\"tu-telefono\"><input size=\"40\" maxlength=\"400\" minlength=\"9\" class=\"wpcf7-form-control wpcf7-tel wpcf7-validates-as-required wpcf7-text wpcf7-validates-as-tel\" aria-required=\"true\" aria-invalid=\"false\" value=\"\" type=\"tel\" name=\"tu-telefono\" \/><\/span><br \/>\n<span id=\"wpcf7-69f873558a24f-wrapper\" class=\"wpcf7-form-control-wrap tu-web-wrap\" ><label for=\"wpcf7-69f873558a24f-field\" class=\"hp-message\">Deixeu aquest camp buit.<\/label><input id=\"wpcf7-69f873558a24f-field\"  placeholder=\"...d\u00e9janos tu web...\"  class=\"wpcf7-form-control wpcf7-text\" type=\"text\" name=\"tu-web\" value=\"\" size=\"40\" tabindex=\"-1\" autocomplete=\"new-password\" \/><\/span>\n\t<\/p>\n<\/div>\n<div class=\"one-half last\">\n\t<p>Deixa'ns el teu email... (obligatori)<br \/>\n<span class=\"wpcf7-form-control-wrap\" data-name=\"email\"><input size=\"40\" maxlength=\"400\" class=\"wpcf7-form-control wpcf7-email wpcf7-validates-as-required wpcf7-text wpcf7-validates-as-email\" aria-required=\"true\" aria-invalid=\"false\" value=\"\" type=\"email\" name=\"email\" \/><\/span>\n\t<\/p>\n<\/div>\n<p>Digues-nos en qu\u00e8 est\u00e0s interesseu@ (ciutat, cirugia,,,,)<br \/>\n<span class=\"wpcf7-form-control-wrap\" data-name=\"tu-mensaje\"><textarea cols=\"40\" rows=\"10\" maxlength=\"2000\" class=\"wpcf7-form-control wpcf7-textarea\" aria-invalid=\"false\" name=\"tu-mensaje\"><\/textarea><\/span>\n<\/p>\n<p style=\"padding-bottom:5px !important;padding-top:20px !important;font-size:16px!important;text-align: center;\"><label><span class=\"wpcf7-form-control-wrap\" data-name=\"Aceptacion\"><span class=\"wpcf7-form-control wpcf7-acceptance\"><span class=\"wpcf7-list-item\"><input type=\"checkbox\" name=\"Aceptacion\" value=\"1\" aria-invalid=\"false\" \/><\/span><\/span><\/span> Marca la casella si acceptes i entens nostre <a href=\"\/ca\/avis-legal\/\" target=\"_blank\" style=\"text-decoration:none;\"><span style=\"font-weight: bold;\">avis legal<\/span><\/a> y la nostra <a href=\"\/ca\/politica-de-privacitat\/\" target=\"_blank\" style=\"text-decoration:none;\"><span style=\"font-weight: bold;\">pol\u00edtica de privacitat<\/span><\/a>.<\/label>\n<\/p>\n<p class=\"boton-centrar\"><input class=\"wpcf7-form-control wpcf7-submit has-spinner\" type=\"submit\" value=\"\u00bfPARLEM?\" \/>\n<\/p><div class=\"fusion-alert alert custom alert-custom fusion-alert-center wpcf7-response-output fusion-alert-capitalize awb-alert-native-link-color alert-dismissable awb-alert-close-boxed\" style=\"--awb-border-size:1px;--awb-border-top-left-radius:0px;--awb-border-top-right-radius:0px;--awb-border-bottom-left-radius:0px;--awb-border-bottom-right-radius:0px;\" role=\"alert\"><div class=\"fusion-alert-content-wrapper\"><span class=\"fusion-alert-content\"><\/span><\/div><button type=\"button\" class=\"close toggle-alert\" data-dismiss=\"alert\" aria-label=\"Close\">&times;<\/button><\/div>\n<\/form>\n<\/div>\n<div class=\"fusion-clearfix\"><\/div><\/div><\/div><div class=\"fusion-layout-column fusion_builder_column fusion-builder-column-10 fusion_builder_column_1_6 1_6 fusion-one-sixth fusion-column-last\" style=\"--awb-bg-size:cover;width:16.666666666667%;width:calc(16.666666666667% - ( ( 4% + 4% ) * 0.16666666666667 ) );\"><div class=\"fusion-column-wrapper fusion-column-has-shadow fusion-flex-column-wrapper-legacy\"><div class=\"fusion-clearfix\"><\/div><\/div><\/div><\/div><\/div><div class=\"fusion-fullwidth fullwidth-box fusion-builder-row-3 nonhundred-percent-fullwidth non-hundred-percent-height-scrolling\" style=\"--awb-border-radius-top-left:0px;--awb-border-radius-top-right:0px;--awb-border-radius-bottom-right:0px;--awb-border-radius-bottom-left:0px;--awb-flex-wrap:wrap;\" ><div class=\"fusion-builder-row fusion-row\"><\/div><\/div><\/p>\n","protected":false},"excerpt":{"rendered":"","protected":false},"author":1,"featured_media":0,"parent":0,"menu_order":16,"comment_status":"closed","ping_status":"closed","template":"","meta":{"_acf_changed":false,"footnotes":""},"class_list":["post-5172","page","type-page","status-publish","hentry"],"acf":[],"yoast_head":"<!-- This site is optimized with the Yoast SEO plugin v24.1 - https:\/\/yoast.com\/wordpress\/plugins\/seo\/ -->\n<title>Pagament de tractaments<\/title>\n<meta name=\"description\" content=\"Pasarelo de pagament segura per a realitzar el pagament mitjan\u00e7ant targeta, dels tractaments contractats amb el Dr. Fabrizio Moscatiello a Andorra\" \/>\n<meta name=\"robots\" content=\"noindex, nofollow\" \/>\n<meta property=\"og:locale\" content=\"ca_ES\" \/>\n<meta property=\"og:type\" content=\"article\" \/>\n<meta property=\"og:title\" content=\"Pagament de tractaments\" \/>\n<meta property=\"og:description\" content=\"Pasarelo de pagament segura per a realitzar el pagament mitjan\u00e7ant targeta, dels tractaments contractats amb el Dr. Fabrizio Moscatiello a Andorra\" \/>\n<meta property=\"og:url\" content=\"https:\/\/cirugiaplasticaandorra.com\/ca\/pagament-de-tractaments\/\" \/>\n<meta property=\"og:site_name\" content=\"Fabrizio Moscatiello\" \/>\n<meta property=\"article:modified_time\" content=\"2021-11-11T09:18:38+00:00\" \/>\n<meta name=\"twitter:card\" content=\"summary_large_image\" \/>\n<script type=\"application\/ld+json\" class=\"yoast-schema-graph\">{\"@context\":\"https:\/\/schema.org\",\"@graph\":[{\"@type\":\"WebPage\",\"@id\":\"https:\/\/cirugiaplasticaandorra.com\/ca\/pagament-de-tractaments\/\",\"url\":\"https:\/\/cirugiaplasticaandorra.com\/ca\/pagament-de-tractaments\/\",\"name\":\"Pagament de tractaments\",\"isPartOf\":{\"@id\":\"https:\/\/cirugiaplasticaandorra.com\/#website\"},\"datePublished\":\"2020-07-30T15:45:07+00:00\",\"dateModified\":\"2021-11-11T09:18:38+00:00\",\"description\":\"Pasarelo de pagament segura per a realitzar el pagament mitjan\u00e7ant targeta, dels tractaments contractats amb el Dr. Fabrizio Moscatiello a Andorra\",\"breadcrumb\":{\"@id\":\"https:\/\/cirugiaplasticaandorra.com\/ca\/pagament-de-tractaments\/#breadcrumb\"},\"inLanguage\":\"ca\",\"potentialAction\":[{\"@type\":\"ReadAction\",\"target\":[\"https:\/\/cirugiaplasticaandorra.com\/ca\/pagament-de-tractaments\/\"]}]},{\"@type\":\"BreadcrumbList\",\"@id\":\"https:\/\/cirugiaplasticaandorra.com\/ca\/pagament-de-tractaments\/#breadcrumb\",\"itemListElement\":[{\"@type\":\"ListItem\",\"position\":1,\"name\":\"Portada\",\"item\":\"https:\/\/cirugiaplasticaandorra.com\/ca\/\"},{\"@type\":\"ListItem\",\"position\":2,\"name\":\"Pagament de tractaments\"}]},{\"@type\":\"WebSite\",\"@id\":\"https:\/\/cirugiaplasticaandorra.com\/#website\",\"url\":\"https:\/\/cirugiaplasticaandorra.com\/\",\"name\":\"Fabrizio Moscatiello\",\"description\":\"\",\"publisher\":{\"@id\":\"https:\/\/cirugiaplasticaandorra.com\/#\/schema\/person\/22d9c3b3af852a097fcd993016b521fd\"},\"potentialAction\":[{\"@type\":\"SearchAction\",\"target\":{\"@type\":\"EntryPoint\",\"urlTemplate\":\"https:\/\/cirugiaplasticaandorra.com\/?s={search_term_string}\"},\"query-input\":{\"@type\":\"PropertyValueSpecification\",\"valueRequired\":true,\"valueName\":\"search_term_string\"}}],\"inLanguage\":\"ca\"},{\"@type\":[\"Person\",\"Organization\"],\"@id\":\"https:\/\/cirugiaplasticaandorra.com\/#\/schema\/person\/22d9c3b3af852a097fcd993016b521fd\",\"name\":\"Institut de cirurg\u00eda pl\u00e0stica Dr Fabrizo Moscatiello\",\"logo\":{\"@id\":\"https:\/\/cirugiaplasticaandorra.com\/#\/schema\/person\/image\/\"}}]}<\/script>\n<!-- \/ Yoast SEO plugin. -->","yoast_head_json":{"title":"Pagament de tractaments","description":"Pasarelo de pagament segura per a realitzar el pagament mitjan\u00e7ant targeta, dels tractaments contractats amb el Dr. Fabrizio Moscatiello a Andorra","robots":{"index":"noindex","follow":"nofollow"},"og_locale":"ca_ES","og_type":"article","og_title":"Pagament de tractaments","og_description":"Pasarelo de pagament segura per a realitzar el pagament mitjan\u00e7ant targeta, dels tractaments contractats amb el Dr. Fabrizio Moscatiello a Andorra","og_url":"https:\/\/cirugiaplasticaandorra.com\/ca\/pagament-de-tractaments\/","og_site_name":"Fabrizio Moscatiello","article_modified_time":"2021-11-11T09:18:38+00:00","twitter_card":"summary_large_image","schema":{"@context":"https:\/\/schema.org","@graph":[{"@type":"WebPage","@id":"https:\/\/cirugiaplasticaandorra.com\/ca\/pagament-de-tractaments\/","url":"https:\/\/cirugiaplasticaandorra.com\/ca\/pagament-de-tractaments\/","name":"Pagament de tractaments","isPartOf":{"@id":"https:\/\/cirugiaplasticaandorra.com\/#website"},"datePublished":"2020-07-30T15:45:07+00:00","dateModified":"2021-11-11T09:18:38+00:00","description":"Pasarelo de pagament segura per a realitzar el pagament mitjan\u00e7ant targeta, dels tractaments contractats amb el Dr. Fabrizio Moscatiello a Andorra","breadcrumb":{"@id":"https:\/\/cirugiaplasticaandorra.com\/ca\/pagament-de-tractaments\/#breadcrumb"},"inLanguage":"ca","potentialAction":[{"@type":"ReadAction","target":["https:\/\/cirugiaplasticaandorra.com\/ca\/pagament-de-tractaments\/"]}]},{"@type":"BreadcrumbList","@id":"https:\/\/cirugiaplasticaandorra.com\/ca\/pagament-de-tractaments\/#breadcrumb","itemListElement":[{"@type":"ListItem","position":1,"name":"Portada","item":"https:\/\/cirugiaplasticaandorra.com\/ca\/"},{"@type":"ListItem","position":2,"name":"Pagament de tractaments"}]},{"@type":"WebSite","@id":"https:\/\/cirugiaplasticaandorra.com\/#website","url":"https:\/\/cirugiaplasticaandorra.com\/","name":"Fabrizio Moscatiello","description":"","publisher":{"@id":"https:\/\/cirugiaplasticaandorra.com\/#\/schema\/person\/22d9c3b3af852a097fcd993016b521fd"},"potentialAction":[{"@type":"SearchAction","target":{"@type":"EntryPoint","urlTemplate":"https:\/\/cirugiaplasticaandorra.com\/?s={search_term_string}"},"query-input":{"@type":"PropertyValueSpecification","valueRequired":true,"valueName":"search_term_string"}}],"inLanguage":"ca"},{"@type":["Person","Organization"],"@id":"https:\/\/cirugiaplasticaandorra.com\/#\/schema\/person\/22d9c3b3af852a097fcd993016b521fd","name":"Institut de cirurg\u00eda pl\u00e0stica Dr Fabrizo Moscatiello","logo":{"@id":"https:\/\/cirugiaplasticaandorra.com\/#\/schema\/person\/image\/"}}]}},"_links":{"self":[{"href":"https:\/\/cirugiaplasticaandorra.com\/ca\/wp-json\/wp\/v2\/pages\/5172","targetHints":{"allow":["GET"]}}],"collection":[{"href":"https:\/\/cirugiaplasticaandorra.com\/ca\/wp-json\/wp\/v2\/pages"}],"about":[{"href":"https:\/\/cirugiaplasticaandorra.com\/ca\/wp-json\/wp\/v2\/types\/page"}],"author":[{"embeddable":true,"href":"https:\/\/cirugiaplasticaandorra.com\/ca\/wp-json\/wp\/v2\/users\/1"}],"replies":[{"embeddable":true,"href":"https:\/\/cirugiaplasticaandorra.com\/ca\/wp-json\/wp\/v2\/comments?post=5172"}],"version-history":[{"count":0,"href":"https:\/\/cirugiaplasticaandorra.com\/ca\/wp-json\/wp\/v2\/pages\/5172\/revisions"}],"wp:attachment":[{"href":"https:\/\/cirugiaplasticaandorra.com\/ca\/wp-json\/wp\/v2\/media?parent=5172"}],"curies":[{"name":"wp","href":"https:\/\/api.w.org\/{rel}","templated":true}]}}